{"id":51,"date":"2020-05-13T10:43:59","date_gmt":"2020-05-13T10:43:59","guid":{"rendered":"http:\/\/kopiareczka.pl\/?page_id=51"},"modified":"2020-05-24T16:37:25","modified_gmt":"2020-05-24T16:37:25","slug":"polityka","status":"publish","type":"page","link":"https:\/\/kopiareczka.pl\/index.php\/polityka\/","title":{"rendered":"Polityka ciasteczek"},"content":{"rendered":"\t\t<div data-elementor-type=\"wp-page\" data-elementor-id=\"51\" class=\"elementor elementor-51\" data-elementor-settings=\"[]\">\n\t\t\t\t\t\t<div class=\"elementor-inner\">\n\t\t\t\t\t\t\t<div class=\"elementor-section-wrap\">\n\t\t\t\t\t\t\t<section class=\"elementor-section elementor-top-section elementor-element elementor-element-39e42b9 elementor-section-boxed elementor-section-height-default elementor-section-height-default\" data-id=\"39e42b9\" data-element_type=\"section\">\n\t\t\t\t\t\t<div class=\"elementor-container elementor-column-gap-default\">\n\t\t\t\t\t\t\t<div class=\"elementor-row\">\n\t\t\t\t\t<div class=\"elementor-column elementor-col-100 elementor-top-column elementor-element elementor-element-3bd59ab\" data-id=\"3bd59ab\" data-element_type=\"column\">\n\t\t\t<div class=\"elementor-column-wrap elementor-element-populated\">\n\t\t\t\t\t\t\t<div class=\"elementor-widget-wrap\">\n\t\t\t\t\t\t<div class=\"elementor-element elementor-element-8f1a0f1 elementor-widget elementor-widget-text-editor\" data-id=\"8f1a0f1\" data-element_type=\"widget\" data-widget_type=\"text-editor.default\">\n\t\t\t\t<div class=\"elementor-widget-container\">\n\t\t\t\t\t<div class=\"elementor-text-editor elementor-clearfix\"><h3>Kim jeste\u015bmy<\/h3><p>Adres naszej strony internetowej to: <a href=\"http:\/\/kopiareczka.pl\">http:\/\/kopiareczka.pl<\/a><br \/><br \/>Administratorem Twoich danych jest kopiareczka.pl Adam Skobiej z siedzib\u0105 w Szczecinie przy ul. Br\u0105zowej 86\/2U, wpisana do Centralnej Ewidencji i Informacji o Dzia\u0142alno\u015bci Gospodarczej, pod numerem NIP: 9552037572, REGON:320399520. W sprawach zwi\u0105zanych z przetwarzaniem i ochron\u0105 danych osobowych wyznaczony zosta\u0142 punkt kontaktowy w postaci adresu e-mail: <a href=\"mailto:biuro@kopiareczka.pl\">biuro@kopiareczka.pl<\/a>. Kontakt we wskazanych sprawach mo\u017cliwy jest tak\u017ce w postaci tradycyjnej korespondencji na adres administratora z dopiskiem: \u201eOchrona Danych Osobowych\u201d.<\/p><h3>Jakie dane osobiste zbieramy i dlaczego je zbieramy<\/h3><p><strong>Ciasteczka<\/strong><br \/>Ciasteczka niezbyt nas interesuj\u0105 (chyba, \u017ce masz czekoladowe w kuchni&#8230; ;). Nie profilujemy strony, nie b\u0119dziemy n\u0119ka\u0107 Ci\u0119 reklamami.<br \/><br \/><strong>Osadzone tre\u015bci z innych witryn<\/strong><br \/>Artyku\u0142y na tej witrynie mog\u0105 zawiera\u0107 osadzone tre\u015bci (mapa Google z zaznaczonym adresem naszej siedziby). Osadzone tre\u015bci z innych witryn zachowuj\u0105 si\u0119 analogicznie do tego, jakby u\u017cytkownik odwiedzi\u0142 bezpo\u015brednio konkretn\u0105 witryn\u0119.<br \/><br \/>Witryny mog\u0105 zbiera\u0107 informacje o tobie, u\u017cywa\u0107 ciasteczek, do\u0142\u0105cza\u0107 dodatkowe, zewn\u0119trzne systemy \u015bledzenia i monitorowa\u0107 twoje interakcje z osadzonym materia\u0142em, w\u0142\u0105czaj\u0105c w to \u015bledzenie twoich interakcji z osadzonym materia\u0142em je\u015bli posiadasz konto i jeste\u015b zalogowany w tamtej witrynie.<br \/><br \/>Poza powy\u017cszym nie wrzucamy tre\u015bci z zewn\u0119trznych witryn i nie przemycamy odsy\u0142aczy do zewn\u0119trznych stron. Ma\u0142o jest takich firm jak nasza -nieprawda\u017c?<br \/><br \/><strong>Cele przetwarzania danych<\/strong><br \/>Podane przez Ciebie dane osobowe wys\u0142ane mailem lub podane telefonicznie b\u0119d\u0105 przetwarzane w nast\u0119puj\u0105cych celach:<br \/>-przedstawienia oferty handlowej,<br \/>-wykonania umowy kupna-sprzeda\u017cy us\u0142ugi (przetwarzanie jest niezb\u0119dne do wykonania umowy, a\u017c do czasu zako\u0144czenia umowy),<br \/>-finansowo-ksi\u0119gowych, przetwarzanie jest niezb\u0119dne do wykonania przepis\u00f3w prawa podatkowego,<br \/>-obrony przed roszczeniami i dochodzenia roszcze\u0144 \u2013 do czasu wyga\u015bni\u0119cia okresu roszcze\u0144 zgodnie z przepisami Kodeksu Cywilnego,<br \/>-prowadzenia proces\u00f3w reklamacyjnych.<br \/><br \/>Posiadasz prawo dost\u0119pu do tre\u015bci swoich danych oraz prawo ich sprostowania, usuni\u0119cia, ograniczenia przetwarzania, prawo do przenoszenia danych, prawo wniesienia sprzeciwu (np. je\u015bli dane s\u0105 przetwarzane na podstawie Twojej zgody lub w celach marketingowych czy udost\u0119pniania Twoich danych); posiadasz prawo do cofni\u0119cia zgody w dowolnym momencie. W celu cofni\u0119cia zgody mo\u017cesz skontaktowa\u0107 si\u0119 z punktem obs\u0142ugi klienta w naszej siedzibie lub wysy\u0142aj\u0105c wiadomo\u015b\u0107 e-mail na adres: <a href=\"mailto:biuro@kopiareczka.pl\">biuro@kopiareczka.pl<\/a>. Masz r\u00f3wnie\u017c prawo wniesienia skargi do organu nadzorczego \u2013 Prezesa Urz\u0119du Ochrony Danych Osobowych.<br \/><br \/>Podanie przez Ciebie danych osobowych jest w pe\u0142ni dobrowolne, jednak pozwala nam na przedstawienie oferty dedykowanej oraz u\u0142atwia kontakt i rozmowy nt. oferowanych produkt\u00f3w. <br \/><br \/>Ponadto w celach statystycznych i bezpiecze\u0144stwa nasz serwer gromadzi adresy IP, czas odwiedzenia wytryny, rejon adresu IP z kt\u00f3rego odwiedzano nasz\u0105 stron\u0119.<\/p><h3>Jakie masz prawa do swoich danych<\/h3><p>Mo\u017cesz za\u017c\u0105da\u0107 usuni\u0119cia przez nas ca\u0142o\u015bci twoich danych osobistych w naszym posiadaniu. Nie dotyczy to \u017cadnych danych kt\u00f3re jeste\u015bmy zobligowani zachowa\u0107 ze wzgl\u0119d\u00f3w administracyjnych, prawnych albo bezpiecze\u0144stwa.<\/p><\/div>\n\t\t\t\t<\/div>\n\t\t\t\t<\/div>\n\t\t\t\t\t\t<\/div>\n\t\t\t\t\t<\/div>\n\t\t<\/div>\n\t\t\t\t\t\t\t\t<\/div>\n\t\t\t\t\t<\/div>\n\t\t<\/section>\n\t\t\t\t\t\t<\/div>\n\t\t\t\t\t\t<\/div>\n\t\t\t\t\t<\/div>\n\t\t","protected":false},"excerpt":{"rendered":"<p>Kim jeste\u015bmy Adres naszej strony internetowej to: http:\/\/kopiareczka.pl Administratorem Twoich danych jest kopiareczka.pl Adam Skobiej z siedzib\u0105 w Szczecinie przy ul. Br\u0105zowej 86\/2U, wpisana do Centralnej Ewidencji i Informacji o Dzia\u0142alno\u015bci Gospodarczej, pod numerem NIP: 9552037572, REGON:320399520. W sprawach zwi\u0105zanych z przetwarzaniem i ochron\u0105 danych osobowych wyznaczony zosta\u0142 punkt kontaktowy w postaci adresu e-mail: biuro@kopiareczka.pl.&hellip;&nbsp;<a href=\"https:\/\/kopiareczka.pl\/index.php\/polityka\/\" class=\"\" rel=\"bookmark\">Read More &raquo;<span class=\"screen-reader-text\">Polityka ciasteczek<\/span><\/a><\/p>\n","protected":false},"author":3,"featured_media":0,"parent":0,"menu_order":0,"comment_status":"closed","ping_status":"closed","template":"elementor_header_footer","meta":{"neve_meta_sidebar":"full-width","neve_meta_container":"","neve_meta_enable_content_width":"on","neve_meta_content_width":100,"neve_meta_title_alignment":"","neve_meta_author_avatar":"","neve_post_elements_order":"","neve_meta_disable_header":"","neve_meta_disable_footer":"","neve_meta_disable_title":""},"_links":{"self":[{"href":"https:\/\/kopiareczka.pl\/index.php\/wp-json\/wp\/v2\/pages\/51"}],"collection":[{"href":"https:\/\/kopiareczka.pl\/index.php\/wp-json\/wp\/v2\/pages"}],"about":[{"href":"https:\/\/kopiareczka.pl\/index.php\/wp-json\/wp\/v2\/types\/page"}],"author":[{"embeddable":true,"href":"https:\/\/kopiareczka.pl\/index.php\/wp-json\/wp\/v2\/users\/3"}],"replies":[{"embeddable":true,"href":"https:\/\/kopiareczka.pl\/index.php\/wp-json\/wp\/v2\/comments?post=51"}],"version-history":[{"count":9,"href":"https:\/\/kopiareczka.pl\/index.php\/wp-json\/wp\/v2\/pages\/51\/revisions"}],"predecessor-version":[{"id":179,"href":"https:\/\/kopiareczka.pl\/index.php\/wp-json\/wp\/v2\/pages\/51\/revisions\/179"}],"wp:attachment":[{"href":"https:\/\/kopiareczka.pl\/index.php\/wp-json\/wp\/v2\/media?parent=51"}],"curies":[{"name":"wp","href":"https:\/\/api.w.org\/{rel}","templated":true}]}}